{"id":8,"date":"2013-06-04T13:45:33","date_gmt":"2013-06-04T13:45:33","guid":{"rendered":"http:\/\/fixotravas.com.br\/novo\/?page_id=8"},"modified":"2026-02-02T11:58:04","modified_gmt":"2026-02-02T14:58:04","slug":"contato","status":"publish","type":"page","link":"https:\/\/fixotravas.com.br\/novo\/contato\/","title":{"rendered":"Contato"},"content":{"rendered":"\t\t<div data-elementor-type=\"wp-page\" data-elementor-id=\"8\" class=\"elementor elementor-8\">\n\t\t\t\t<div class=\"elementor-element elementor-element-f640576 e-flex e-con-boxed e-con e-parent\" data-id=\"f640576\" data-element_type=\"container\" data-settings=\"{&quot;background_background&quot;:&quot;classic&quot;}\">\n\t\t\t\t\t<div class=\"e-con-inner\">\n\t\t<div class=\"elementor-element elementor-element-274c93a e-flex e-con-boxed e-con e-child\" data-id=\"274c93a\" data-element_type=\"container\">\n\t\t\t\t\t<div class=\"e-con-inner\">\n\t\t\t\t<div class=\"elementor-element elementor-element-0cfeef3 elementor-widget__width-initial elementor-widget elementor-widget-text-editor\" data-id=\"0cfeef3\" data-element_type=\"widget\" data-widget_type=\"text-editor.default\">\n\t\t\t\t<div class=\"elementor-widget-container\">\n\t\t\t\t\t\t\t\t\t<p>\n<div class=\"wpcf7 no-js\" id=\"wpcf7-f4-o1\" lang=\"en-US\" dir=\"ltr\" data-wpcf7-id=\"4\">\n<div class=\"screen-reader-response\"><p role=\"status\" aria-live=\"polite\" aria-atomic=\"true\"><\/p> <ul><\/ul><\/div>\n<form action=\"\/novo\/wp-json\/wp\/v2\/pages\/8#wpcf7-f4-o1\" method=\"post\" class=\"wpcf7-form init\" aria-label=\"Contact form\" novalidate=\"novalidate\" data-status=\"init\">\n<fieldset class=\"hidden-fields-container\"><input type=\"hidden\" name=\"_wpcf7\" value=\"4\" \/><input type=\"hidden\" name=\"_wpcf7_version\" value=\"6.1.5\" \/><input type=\"hidden\" name=\"_wpcf7_locale\" value=\"en_US\" \/><input type=\"hidden\" name=\"_wpcf7_unit_tag\" value=\"wpcf7-f4-o1\" \/><input type=\"hidden\" name=\"_wpcf7_container_post\" value=\"0\" \/><input type=\"hidden\" name=\"_wpcf7_posted_data_hash\" value=\"\" \/><input type=\"hidden\" name=\"_wpcf7dtx_version\" value=\"5.0.5\" \/>\n<\/fieldset>\n<p>Nome *<br \/>\n<span class=\"wpcf7-form-control-wrap\" data-name=\"nome\"><input size=\"40\" maxlength=\"400\" class=\"wpcf7-form-control wpcf7-text wpcf7-validates-as-required\" aria-required=\"true\" aria-invalid=\"false\" value=\"\" type=\"text\" name=\"nome\" \/><\/span>\n<\/p>\n<p>Telefone *<br \/>\n<span class=\"wpcf7-form-control-wrap\" data-name=\"telefone\"><input size=\"40\" maxlength=\"400\" class=\"wpcf7-form-control wpcf7-text wpcf7-validates-as-required\" aria-required=\"true\" aria-invalid=\"false\" value=\"\" type=\"text\" name=\"telefone\" \/><\/span>\n<\/p>\n<p>E-mail *<br \/>\n<span class=\"wpcf7-form-control-wrap\" data-name=\"cemail\"><input size=\"40\" maxlength=\"400\" class=\"wpcf7-form-control wpcf7-email wpcf7-validates-as-required wpcf7-text wpcf7-validates-as-email\" aria-required=\"true\" aria-invalid=\"false\" value=\"\" type=\"email\" name=\"cemail\" \/><\/span>\n<\/p>\n<p>Mensagem *<br \/>\n<span class=\"wpcf7-form-control-wrap\" data-name=\"mensagem\"><textarea cols=\"40\" rows=\"10\" maxlength=\"2000\" class=\"wpcf7-form-control wpcf7-textarea wpcf7-validates-as-required\" aria-required=\"true\" aria-invalid=\"false\" name=\"mensagem\"><\/textarea><\/span>\n<\/p>\n<p><input class=\"wpcf7-form-control wpcf7-submit has-spinner\" type=\"submit\" value=\"Enviar\" \/>\n<\/p><div class=\"wpcf7-response-output\" aria-hidden=\"true\"><\/div>\n<\/form>\n<\/div>\n<\/p>\t\t\t\t\t\t\t\t<\/div>\n\t\t\t\t<\/div>\n\t\t<div class=\"elementor-element elementor-element-e419511 e-flex e-con-boxed e-con e-child\" data-id=\"e419511\" data-element_type=\"container\">\n\t\t\t\t\t<div class=\"e-con-inner\">\n\t\t\t\t<div class=\"elementor-element elementor-element-c6ffc2f elementor-widget elementor-widget-heading\" data-id=\"c6ffc2f\" data-element_type=\"widget\" data-widget_type=\"heading.default\">\n\t\t\t\t<div class=\"elementor-widget-container\">\n\t\t\t\t\t<h3 class=\"elementor-heading-title elementor-size-default\">Formul\u00e1rio<\/h3>\t\t\t\t<\/div>\n\t\t\t\t<\/div>\n\t\t\t\t<div class=\"elementor-element elementor-element-935c756 elementor-widget__width-initial elementor-view-default elementor-widget elementor-widget-icon\" data-id=\"935c756\" data-element_type=\"widget\" data-widget_type=\"icon.default\">\n\t\t\t\t<div class=\"elementor-widget-container\">\n\t\t\t\t\t\t\t<div class=\"elementor-icon-wrapper\">\n\t\t\t<div class=\"elementor-icon\">\n\t\t\t<i aria-hidden=\"true\" class=\"far fa-envelope\"><\/i>\t\t\t<\/div>\n\t\t<\/div>\n\t\t\t\t\t\t<\/div>\n\t\t\t\t<\/div>\n\t\t\t\t\t<\/div>\n\t\t\t\t<\/div>\n\t\t\t\t\t<\/div>\n\t\t\t\t<\/div>\n\t\t<div class=\"elementor-element elementor-element-c3991e7 e-flex e-con-boxed e-con e-child\" data-id=\"c3991e7\" data-element_type=\"container\">\n\t\t\t\t\t<div class=\"e-con-inner\">\n\t\t\t\t<div class=\"elementor-element elementor-element-530367d elementor-align-justify elementor-widget__width-initial elementor-widget elementor-widget-button\" data-id=\"530367d\" data-element_type=\"widget\" data-widget_type=\"button.default\">\n\t\t\t\t<div class=\"elementor-widget-container\">\n\t\t\t\t\t\t\t\t\t<div class=\"elementor-button-wrapper\">\n\t\t\t\t\t<a class=\"elementor-button elementor-button-link elementor-size-md\" href=\"https:\/\/api.whatsapp.com\/send\/?phone=554188197091&#038;text=Ol\u00e1%2C+gostaria+de+mais+informa\u00e7\u00f5es+sobre...&#038;type=phone_number&#038;app_absent=0\" target=\"_blank\">\n\t\t\t\t\t\t<span class=\"elementor-button-content-wrapper\">\n\t\t\t\t\t\t\t\t\t<span class=\"elementor-button-text\">Contate-nos<\/span>\n\t\t\t\t\t<\/span>\n\t\t\t\t\t<\/a>\n\t\t\t\t<\/div>\n\t\t\t\t\t\t\t\t<\/div>\n\t\t\t\t<\/div>\n\t\t\t\t<div class=\"elementor-element elementor-element-148ab79 elementor-widget elementor-widget-text-editor\" data-id=\"148ab79\" data-element_type=\"widget\" data-widget_type=\"text-editor.default\">\n\t\t\t\t<div class=\"elementor-widget-container\">\n\t\t\t\t\t\t\t\t\t<p>Pode contatar a Fixotravas pelo\u00a0<span style=\"color: var( --e-global-color-text ); text-align: var(--text-align);\">WhastsApp\u00a0<\/span><\/p><p style=\"text-align: center;\"><span style=\"text-align: var(--text-align); color: var( --e-global-color-text );\"><span class=\"_aupe copyable-text xkrh14z\">(41) 98819-7091<\/span> \u00a0 \u00a0 <\/span><span style=\"text-align: var(--text-align); color: var( --e-global-color-text );\">(41) 3284-1886<\/span><\/p><p style=\"text-align: center;\">ou<\/p><p style=\"text-align: left;\">\u00a0 \u00a0 \u00a0 \u00a0 \u00a0 \u00a0segue o link do nosso WhatsApp<\/p><p style=\"text-align: left;\">\u00a0<\/p>\t\t\t\t\t\t\t\t<\/div>\n\t\t\t\t<\/div>\n\t\t<div class=\"elementor-element elementor-element-8055bea e-flex e-con-boxed e-con e-child\" data-id=\"8055bea\" data-element_type=\"container\">\n\t\t\t\t\t<div class=\"e-con-inner\">\n\t\t\t\t<div class=\"elementor-element elementor-element-a090e57 elementor-widget__width-initial elementor-view-default elementor-widget elementor-widget-icon\" data-id=\"a090e57\" data-element_type=\"widget\" data-widget_type=\"icon.default\">\n\t\t\t\t<div class=\"elementor-widget-container\">\n\t\t\t\t\t\t\t<div class=\"elementor-icon-wrapper\">\n\t\t\t<div class=\"elementor-icon\">\n\t\t\t<i aria-hidden=\"true\" class=\"fab fa-whatsapp\"><\/i>\t\t\t<\/div>\n\t\t<\/div>\n\t\t\t\t\t\t<\/div>\n\t\t\t\t<\/div>\n\t\t\t\t<div class=\"elementor-element elementor-element-98e2d61 elementor-widget elementor-widget-heading\" data-id=\"98e2d61\" data-element_type=\"widget\" data-widget_type=\"heading.default\">\n\t\t\t\t<div class=\"elementor-widget-container\">\n\t\t\t\t\t<h3 class=\"elementor-heading-title elementor-size-default\">WhatsApp<\/h3>\t\t\t\t<\/div>\n\t\t\t\t<\/div>\n\t\t\t\t\t<\/div>\n\t\t\t\t<\/div>\n\t\t\t\t\t<\/div>\n\t\t\t\t<\/div>\n\t\t<div class=\"elementor-element elementor-element-78ddbdd e-flex e-con-boxed e-con e-child\" data-id=\"78ddbdd\" data-element_type=\"container\">\n\t\t\t\t\t<div class=\"e-con-inner\">\n\t\t\t\t<div class=\"elementor-element elementor-element-b8bba39 elementor-widget elementor-widget-text-editor\" data-id=\"b8bba39\" data-element_type=\"widget\" data-widget_type=\"text-editor.default\">\n\t\t\t\t<div class=\"elementor-widget-container\">\n\t\t\t\t\t\t\t\t\t<p>Se precisar mandar um Email direto pra Fixotravas, envie para<\/p><p>\u00a0<\/p><p style=\"text-align: center;\">Fixotravas@fixotravas.com.br<\/p>\t\t\t\t\t\t\t\t<\/div>\n\t\t\t\t<\/div>\n\t\t<div class=\"elementor-element elementor-element-a6af04c e-flex e-con-boxed e-con e-child\" data-id=\"a6af04c\" data-element_type=\"container\">\n\t\t\t\t\t<div class=\"e-con-inner\">\n\t\t\t\t<div class=\"elementor-element elementor-element-219fba7 elementor-widget elementor-widget-heading\" data-id=\"219fba7\" data-element_type=\"widget\" data-widget_type=\"heading.default\">\n\t\t\t\t<div class=\"elementor-widget-container\">\n\t\t\t\t\t<h3 class=\"elementor-heading-title elementor-size-default\">Email<\/h3>\t\t\t\t<\/div>\n\t\t\t\t<\/div>\n\t\t\t\t<div class=\"elementor-element elementor-element-afd5aa5 elementor-widget__width-initial elementor-view-default elementor-widget elementor-widget-icon\" data-id=\"afd5aa5\" data-element_type=\"widget\" data-widget_type=\"icon.default\">\n\t\t\t\t<div class=\"elementor-widget-container\">\n\t\t\t\t\t\t\t<div class=\"elementor-icon-wrapper\">\n\t\t\t<div class=\"elementor-icon\">\n\t\t\t<i aria-hidden=\"true\" class=\"far fa-envelope\"><\/i>\t\t\t<\/div>\n\t\t<\/div>\n\t\t\t\t\t\t<\/div>\n\t\t\t\t<\/div>\n\t\t\t\t\t<\/div>\n\t\t\t\t<\/div>\n\t\t\t\t\t<\/div>\n\t\t\t\t<\/div>\n\t\t\t\t\t<\/div>\n\t\t\t\t<\/div>\n\t\t\t\t<\/div>\n\t\t","protected":false},"excerpt":{"rendered":"<p>Formul\u00e1rio Contate-nos Pode contatar a Fixotravas pelo\u00a0WhastsApp\u00a0 (41) 98819-7091 \u00a0 \u00a0 (41) 3284-1886 ou \u00a0 \u00a0 \u00a0 \u00a0 \u00a0 \u00a0segue o link do nosso WhatsApp \u00a0 WhatsApp Se precisar mandar um Email direto pra Fixotravas, envie para \u00a0 Fixotravas@fixotravas.com.br Email<\/p>\n","protected":false},"author":1,"featured_media":0,"parent":0,"menu_order":0,"comment_status":"closed","ping_status":"open","template":"","meta":{"_acf_changed":false,"_joinchat":[],"footnotes":""},"class_list":["post-8","page","type-page","status-publish","hentry"],"acf":[],"yoast_head":"<!-- This site is optimized with the Yoast SEO plugin v27.3 - https:\/\/yoast.com\/product\/yoast-seo-wordpress\/ -->\n<title>Contato - Fixotravas<\/title>\n<meta name=\"robots\" content=\"index, follow, max-snippet:-1, max-image-preview:large, max-video-preview:-1\" \/>\n<link rel=\"canonical\" href=\"https:\/\/fixotravas.com.br\/novo\/contato\/\" \/>\n<meta property=\"og:locale\" content=\"pt_BR\" \/>\n<meta property=\"og:type\" content=\"article\" \/>\n<meta property=\"og:title\" content=\"Contato - Fixotravas\" \/>\n<meta property=\"og:description\" content=\"Formul\u00e1rio Contate-nos Pode contatar a Fixotravas pelo\u00a0WhastsApp\u00a0 (41) 98819-7091 \u00a0 \u00a0 (41) 3284-1886 ou \u00a0 \u00a0 \u00a0 \u00a0 \u00a0 \u00a0segue o link do nosso WhatsApp \u00a0 WhatsApp Se precisar mandar um Email direto pra Fixotravas, envie para \u00a0 Fixotravas@fixotravas.com.br Email\" \/>\n<meta property=\"og:url\" content=\"https:\/\/fixotravas.com.br\/novo\/contato\/\" \/>\n<meta property=\"og:site_name\" content=\"Fixotravas\" \/>\n<meta property=\"article:modified_time\" content=\"2026-02-02T14:58:04+00:00\" \/>\n<meta name=\"twitter:label1\" content=\"Est. tempo de leitura\" \/>\n\t<meta name=\"twitter:data1\" content=\"1 minuto\" \/>\n<script type=\"application\/ld+json\" class=\"yoast-schema-graph\">{\"@context\":\"https:\\\/\\\/schema.org\",\"@graph\":[{\"@type\":\"WebPage\",\"@id\":\"https:\\\/\\\/fixotravas.com.br\\\/novo\\\/contato\\\/\",\"url\":\"https:\\\/\\\/fixotravas.com.br\\\/novo\\\/contato\\\/\",\"name\":\"Contato - Fixotravas\",\"isPartOf\":{\"@id\":\"https:\\\/\\\/fixotravas.com.br\\\/novo\\\/#website\"},\"datePublished\":\"2013-06-04T13:45:33+00:00\",\"dateModified\":\"2026-02-02T14:58:04+00:00\",\"breadcrumb\":{\"@id\":\"https:\\\/\\\/fixotravas.com.br\\\/novo\\\/contato\\\/#breadcrumb\"},\"inLanguage\":\"pt-BR\",\"potentialAction\":[{\"@type\":\"ReadAction\",\"target\":[\"https:\\\/\\\/fixotravas.com.br\\\/novo\\\/contato\\\/\"]}]},{\"@type\":\"BreadcrumbList\",\"@id\":\"https:\\\/\\\/fixotravas.com.br\\\/novo\\\/contato\\\/#breadcrumb\",\"itemListElement\":[{\"@type\":\"ListItem\",\"position\":1,\"name\":\"Home\",\"item\":\"https:\\\/\\\/fixotravas.com.br\\\/novo\\\/inicio\\\/\"},{\"@type\":\"ListItem\",\"position\":2,\"name\":\"Contato\"}]},{\"@type\":\"WebSite\",\"@id\":\"https:\\\/\\\/fixotravas.com.br\\\/novo\\\/#website\",\"url\":\"https:\\\/\\\/fixotravas.com.br\\\/novo\\\/\",\"name\":\"Fixotravas\",\"description\":\"Comercio e Industria de Pe\u00e7as e Acess\u00f3rios Industriais\",\"potentialAction\":[{\"@type\":\"SearchAction\",\"target\":{\"@type\":\"EntryPoint\",\"urlTemplate\":\"https:\\\/\\\/fixotravas.com.br\\\/novo\\\/?s={search_term_string}\"},\"query-input\":{\"@type\":\"PropertyValueSpecification\",\"valueRequired\":true,\"valueName\":\"search_term_string\"}}],\"inLanguage\":\"pt-BR\"}]}<\/script>\n<!-- \/ Yoast SEO plugin. -->","yoast_head_json":{"title":"Contato - Fixotravas","robots":{"index":"index","follow":"follow","max-snippet":"max-snippet:-1","max-image-preview":"max-image-preview:large","max-video-preview":"max-video-preview:-1"},"canonical":"https:\/\/fixotravas.com.br\/novo\/contato\/","og_locale":"pt_BR","og_type":"article","og_title":"Contato - Fixotravas","og_description":"Formul\u00e1rio Contate-nos Pode contatar a Fixotravas pelo\u00a0WhastsApp\u00a0 (41) 98819-7091 \u00a0 \u00a0 (41) 3284-1886 ou \u00a0 \u00a0 \u00a0 \u00a0 \u00a0 \u00a0segue o link do nosso WhatsApp \u00a0 WhatsApp Se precisar mandar um Email direto pra Fixotravas, envie para \u00a0 Fixotravas@fixotravas.com.br Email","og_url":"https:\/\/fixotravas.com.br\/novo\/contato\/","og_site_name":"Fixotravas","article_modified_time":"2026-02-02T14:58:04+00:00","twitter_misc":{"Est. tempo de leitura":"1 minuto"},"schema":{"@context":"https:\/\/schema.org","@graph":[{"@type":"WebPage","@id":"https:\/\/fixotravas.com.br\/novo\/contato\/","url":"https:\/\/fixotravas.com.br\/novo\/contato\/","name":"Contato - Fixotravas","isPartOf":{"@id":"https:\/\/fixotravas.com.br\/novo\/#website"},"datePublished":"2013-06-04T13:45:33+00:00","dateModified":"2026-02-02T14:58:04+00:00","breadcrumb":{"@id":"https:\/\/fixotravas.com.br\/novo\/contato\/#breadcrumb"},"inLanguage":"pt-BR","potentialAction":[{"@type":"ReadAction","target":["https:\/\/fixotravas.com.br\/novo\/contato\/"]}]},{"@type":"BreadcrumbList","@id":"https:\/\/fixotravas.com.br\/novo\/contato\/#breadcrumb","itemListElement":[{"@type":"ListItem","position":1,"name":"Home","item":"https:\/\/fixotravas.com.br\/novo\/inicio\/"},{"@type":"ListItem","position":2,"name":"Contato"}]},{"@type":"WebSite","@id":"https:\/\/fixotravas.com.br\/novo\/#website","url":"https:\/\/fixotravas.com.br\/novo\/","name":"Fixotravas","description":"Comercio e Industria de Pe\u00e7as e Acess\u00f3rios Industriais","potentialAction":[{"@type":"SearchAction","target":{"@type":"EntryPoint","urlTemplate":"https:\/\/fixotravas.com.br\/novo\/?s={search_term_string}"},"query-input":{"@type":"PropertyValueSpecification","valueRequired":true,"valueName":"search_term_string"}}],"inLanguage":"pt-BR"}]}},"_links":{"self":[{"href":"https:\/\/fixotravas.com.br\/novo\/wp-json\/wp\/v2\/pages\/8","targetHints":{"allow":["GET"]}}],"collection":[{"href":"https:\/\/fixotravas.com.br\/novo\/wp-json\/wp\/v2\/pages"}],"about":[{"href":"https:\/\/fixotravas.com.br\/novo\/wp-json\/wp\/v2\/types\/page"}],"author":[{"embeddable":true,"href":"https:\/\/fixotravas.com.br\/novo\/wp-json\/wp\/v2\/users\/1"}],"replies":[{"embeddable":true,"href":"https:\/\/fixotravas.com.br\/novo\/wp-json\/wp\/v2\/comments?post=8"}],"version-history":[{"count":29,"href":"https:\/\/fixotravas.com.br\/novo\/wp-json\/wp\/v2\/pages\/8\/revisions"}],"predecessor-version":[{"id":4867,"href":"https:\/\/fixotravas.com.br\/novo\/wp-json\/wp\/v2\/pages\/8\/revisions\/4867"}],"wp:attachment":[{"href":"https:\/\/fixotravas.com.br\/novo\/wp-json\/wp\/v2\/media?parent=8"}],"curies":[{"name":"wp","href":"https:\/\/api.w.org\/{rel}","templated":true}]}}